{"id":740,"date":"2024-02-28T13:58:32","date_gmt":"2024-02-28T13:58:32","guid":{"rendered":"https:\/\/delice.confidentia.website\/?page_id=740"},"modified":"2024-05-22T15:14:20","modified_gmt":"2024-05-22T15:14:20","slug":"demander-un-devis","status":"publish","type":"page","link":"https:\/\/cpgsolaire.com\/ar\/demander-un-devis\/","title":{"rendered":"Demander un Devis"},"content":{"rendered":"\t\t<div data-elementor-type=\"wp-page\" data-elementor-id=\"740\" class=\"elementor elementor-740\">\n\t\t\t\t\t\t<section class=\"elementor-section elementor-top-section elementor-element elementor-element-3143585 elementor-section-boxed elementor-section-height-default elementor-section-height-default\" data-id=\"3143585\" data-element_type=\"section\" data-e-type=\"section\" data-settings=\"{&quot;background_background&quot;:&quot;classic&quot;}\">\n\t\t\t\t\t\t\t<div class=\"elementor-background-overlay\"><\/div>\n\t\t\t\t\t\t\t<div class=\"elementor-container elementor-column-gap-default\">\n\t\t\t\t\t<div class=\"elementor-column elementor-col-100 elementor-top-column elementor-element elementor-element-7c9c226\" data-id=\"7c9c226\" data-element_type=\"column\" data-e-type=\"column\">\n\t\t\t<div class=\"elementor-widget-wrap elementor-element-populated\">\n\t\t\t\t\t\t<div class=\"elementor-element elementor-element-0517c52 elementor-widget elementor-widget-heading\" data-id=\"0517c52\" data-element_type=\"widget\" data-e-type=\"widget\" data-widget_type=\"heading.default\">\n\t\t\t\t<div class=\"elementor-widget-container\">\n\t\t\t\t\t<p class=\"elementor-heading-title elementor-size-default\">DEMANDE DE COTATION<\/p>\t\t\t\t<\/div>\n\t\t\t\t<\/div>\n\t\t\t\t\t<\/div>\n\t\t<\/div>\n\t\t\t\t\t<\/div>\n\t\t<\/section>\n\t\t\t\t<section class=\"elementor-section elementor-top-section elementor-element elementor-element-4211c6a elementor-section-boxed elementor-section-height-default elementor-section-height-default\" data-id=\"4211c6a\" data-element_type=\"section\" data-e-type=\"section\">\n\t\t\t\t\t\t<div class=\"elementor-container elementor-column-gap-default\">\n\t\t\t\t\t<div class=\"elementor-column elementor-col-100 elementor-top-column elementor-element elementor-element-8d93230\" data-id=\"8d93230\" data-element_type=\"column\" data-e-type=\"column\">\n\t\t\t<div class=\"elementor-widget-wrap\">\n\t\t\t\t\t\t\t<\/div>\n\t\t<\/div>\n\t\t\t\t\t<\/div>\n\t\t<\/section>\n\t\t\t\t<section class=\"elementor-section elementor-top-section elementor-element elementor-element-9b72ddd elementor-section-boxed elementor-section-height-default elementor-section-height-default\" data-id=\"9b72ddd\" data-element_type=\"section\" data-e-type=\"section\">\n\t\t\t\t\t\t<div class=\"elementor-container elementor-column-gap-default\">\n\t\t\t\t\t<div class=\"elementor-column elementor-col-100 elementor-top-column elementor-element elementor-element-431c9f9\" data-id=\"431c9f9\" data-element_type=\"column\" data-e-type=\"column\">\n\t\t\t<div class=\"elementor-widget-wrap elementor-element-populated\">\n\t\t\t\t\t\t<section class=\"elementor-section elementor-inner-section elementor-element elementor-element-1928803 elementor-section-boxed elementor-section-height-default elementor-section-height-default\" data-id=\"1928803\" data-element_type=\"section\" data-e-type=\"section\">\n\t\t\t\t\t\t<div class=\"elementor-container elementor-column-gap-default\">\n\t\t\t\t\t<div class=\"elementor-column elementor-col-100 elementor-inner-column elementor-element elementor-element-4f98308\" data-id=\"4f98308\" data-element_type=\"column\" data-e-type=\"column\">\n\t\t\t<div class=\"elementor-widget-wrap elementor-element-populated\">\n\t\t\t\t\t\t<div class=\"elementor-element elementor-element-386a988 elementor-widget elementor-widget-heading\" data-id=\"386a988\" data-element_type=\"widget\" data-e-type=\"widget\" data-widget_type=\"heading.default\">\n\t\t\t\t<div class=\"elementor-widget-container\">\n\t\t\t\t\t<h1 class=\"elementor-heading-title elementor-size-default\">DEMANDE DE DEVIS EN LIGNE<\/h1>\t\t\t\t<\/div>\n\t\t\t\t<\/div>\n\t\t\t\t<div class=\"elementor-element elementor-element-082565e elementor-widget-divider--view-line elementor-widget elementor-widget-divider\" data-id=\"082565e\" data-element_type=\"widget\" data-e-type=\"widget\" data-widget_type=\"divider.default\">\n\t\t\t\t<div class=\"elementor-widget-container\">\n\t\t\t\t\t\t\t<div class=\"elementor-divider\">\n\t\t\t<span class=\"elementor-divider-separator\">\n\t\t\t\t\t\t<\/span>\n\t\t<\/div>\n\t\t\t\t\t\t<\/div>\n\t\t\t\t<\/div>\n\t\t\t\t<div class=\"elementor-element elementor-element-2481418 fluent-form-widget-step-header-yes fluent-form-widget-step-progressbar-yes fluentform-widget-submit-button-custom elementor-widget elementor-widget-fluent-form-widget\" data-id=\"2481418\" data-element_type=\"widget\" data-e-type=\"widget\" data-widget_type=\"fluent-form-widget.default\">\n\t\t\t\t<div class=\"elementor-widget-container\">\n\t\t\t\t\t\n            <div class=\"fluentform-widget-wrapper fluentform-widget-align-default\">\n\n            \n            <div class='fluentform ff-default fluentform_wrapper_4 ffs_default_wrap'><form data-form_id=\"4\" id=\"fluentform_4\" class=\"frm-fluent-form fluent_form_4 ff-el-form-top ff_form_instance_4_1 ff-form-loading ffs_default\" data-form_instance=\"ff_form_instance_4_1\" method=\"POST\" ><fieldset  style=\"border: none!important;margin: 0!important;padding: 0!important;background-color: transparent!important;box-shadow: none!important;outline: none!important; min-inline-size: 100%;\">\n                    <legend class=\"ff_screen_reader_title\" style=\"display: block; margin: 0!important;padding: 0!important;height: 0!important;text-indent: -999999px;width: 0!important;overflow:hidden;\">Demander un Devis<\/legend>        <div\n                style=\"display: none!important; position: absolute!important; transform: translateX(1000%)!important;\"\n                class=\"ff-el-group ff-hpsf-container\"\n        >\n            <div class=\"ff-el-input--label asterisk-right\">\n                <label for=\"ff_4_item_sf\" aria-label=\"Contact\">\n                    Contact                <\/label>\n            <\/div>\n            <div class=\"ff-el-input--content\">\n                <input type=\"text\"\n                       name=\"item_4__fluent_sf\"\n                       class=\"ff-el-form-control\"\n                       id=\"ff_4_item_sf\"\n                \/>\n            <\/div>\n        <\/div>\n                <input type=\"hidden\" id=\"__fluent_protection_token_4\" class=\"fluent-form-token-field\" name=\"__fluent_protection_token_4\">\n        <input type='hidden' name='__fluent_form_embded_post_id' value='740' \/><input type=\"hidden\" id=\"_fluentform_4_fluentformnonce\" name=\"_fluentform_4_fluentformnonce\" value=\"578b8bb195\" \/><input type=\"hidden\" name=\"_wp_http_referer\" value=\"\/ar\/wp-json\/wp\/v2\/pages\/740\" \/><div data-type=\"name-element\" data-name=\"names\" class=\" ff-field_container ff-name-field-wrapper\" ><div class='ff-t-container'><div class='ff-t-cell '><div class='ff-el-group  ff-el-form-top'><div class='ff-el-input--content'><input type=\"text\" name=\"names[first_name]\" id=\"ff_4_names_first_name_\" class=\"ff-el-form-control\" placeholder=\"Nom Complet\" aria-invalid=\"false\" aria-required=false><\/div><\/div><\/div><div class='ff-t-cell '><div class='ff-el-group  ff-el-form-top'><div class='ff-el-input--content'><input type=\"text\" name=\"names[last_name]\" id=\"ff_4_names_last_name_\" class=\"ff-el-form-control\" placeholder=\"Entreprise\" aria-invalid=\"false\" aria-required=false><\/div><\/div><\/div><\/div><\/div><div data-type=\"name-element\" data-name=\"names_1\" class=\" ff-field_container ff-name-field-wrapper\" ><div class='ff-t-container'><div class='ff-t-cell '><div class='ff-el-group  ff-el-form-top'><div class='ff-el-input--content'><input type=\"text\" name=\"names_1[first_name]\" id=\"ff_4_names_1_first_name_\" class=\"ff-el-form-control\" placeholder=\"E-mail\" aria-invalid=\"false\" aria-required=false><\/div><\/div><\/div><div class='ff-t-cell '><div class='ff-el-group  ff-el-form-top'><div class='ff-el-input--content'><input type=\"text\" name=\"names_1[last_name]\" id=\"ff_4_names_1_last_name_\" class=\"ff-el-form-control\" placeholder=\"T\u00e9l\u00e9phone\" aria-invalid=\"false\" aria-required=false><\/div><\/div><\/div><\/div><\/div><div class='ff-el-group'><div class=\"ff-el-input--label asterisk-right\"><label for='ff_4_dropdown' id='label_ff_4_dropdown' aria-label=\"TYPE DE PRODUIT OU MAT\u00c9RIEL\">TYPE DE PRODUIT OU MAT\u00c9RIEL<\/label><\/div><div class='ff-el-input--content'><select name=\"dropdown\" id=\"ff_4_dropdown\" class=\"ff-el-form-control\" data-name=\"dropdown\" data-calc_value=\"0\"  aria-invalid=\"false\" aria-required=\"false\" aria-labelledby=\"label_ff_4_dropdown\"><option value=\"\">- Quel Type de produit voulez-vous ? -<\/option><option value=\"Pompe multi-usage\"  >Pompe multi-usage<\/option><option value=\"Panneau solaire\"  >Panneau solaire<\/option><option value=\"Chauffe-eau solaire\"  >Chauffe-eau solaire<\/option><option value=\"Biostimulants et engrais\"  >Biostimulants et engrais<\/option><option value=\"Mat\u00e9riel agricole\"  >Mat\u00e9riel agricole<\/option><option value=\"Onduleur et batterie\"  >Onduleur et batterie<\/option><\/select><\/div><\/div><div class='ff-el-group has-conditions'><div class='ff-el-input--content'><select name=\"dropdown_1\" id=\"ff_4_dropdown_1\" class=\"ff-el-form-control\" data-name=\"dropdown_1\" data-calc_value=\"0\"  aria-invalid=\"false\" aria-required=\"false\" aria-labelledby=\"label_ff_4_dropdown_1\"><option value=\"\">- Vous \u00eates int\u00e9ress\u00e9 par quelle marque ? -<\/option><option value=\"LEO\"  >LEO<\/option><option value=\"CALPEDA\"  >CALPEDA<\/option><option value=\"ELECTRIPUMP\"  >ELECTRIPUMP<\/option><option value=\"Autre\"  >Autre<\/option><\/select><\/div><\/div><div class='ff-el-group has-conditions'><div class='ff-el-input--content'><select name=\"dropdown_2\" id=\"ff_4_dropdown_2\" class=\"ff-el-form-control\" data-name=\"dropdown_2\" data-calc_value=\"0\"  aria-invalid=\"false\" aria-required=\"false\" aria-labelledby=\"label_ff_4_dropdown_2\"><option value=\"\">- Vous \u00eates int\u00e9ress\u00e9 par quelle marque ? -<\/option><option value=\"Longi\"  >Longi<\/option><option value=\"Ja Solar\"  >Ja Solar<\/option><option value=\"Jinko\"  >Jinko<\/option><option value=\"Autre\"  >Autre<\/option><\/select><\/div><\/div><div class='ff-el-group has-conditions'><div class='ff-el-input--content'><select name=\"dropdown_3\" id=\"ff_4_dropdown_3\" class=\"ff-el-form-control\" data-name=\"dropdown_3\" data-calc_value=\"0\"  aria-invalid=\"false\" aria-required=\"false\" aria-labelledby=\"label_ff_4_dropdown_3\"><option value=\"\">- Vous \u00eates int\u00e9ress\u00e9 par quelle marque ?-<\/option><option value=\"Huawei\"  >Huawei<\/option><option value=\"Kehua Tech\"  >Kehua Tech<\/option><option value=\"Hapn\"  >Hapn<\/option><option value=\"Sunlight\"  >Sunlight<\/option><option value=\"Autre\"  >Autre<\/option><\/select><\/div><\/div><div class='ff-el-group has-conditions'><div class='ff-el-input--content'><select name=\"dropdown_4\" id=\"ff_4_dropdown_4\" class=\"ff-el-form-control\" data-name=\"dropdown_4\" data-calc_value=\"0\"  aria-invalid=\"false\" aria-required=\"false\" aria-labelledby=\"label_ff_4_dropdown_4\"><option value=\"\">- Quelle est la capacit\u00e9 du chauffe-eau ? -<\/option><option value=\"120 L\"  >120 L<\/option><option value=\"160 L\"  >160 L<\/option><option value=\"200 L\"  >200 L<\/option><option value=\"300 L\"  >300 L<\/option><option value=\"Autre\"  >Autre<\/option><\/select><\/div><\/div><div class='ff-el-group has-conditions'><div class='ff-el-input--content'><select name=\"dropdown_5\" id=\"ff_4_dropdown_5\" class=\"ff-el-form-control\" data-name=\"dropdown_5\" data-calc_value=\"0\"  aria-invalid=\"false\" aria-required=\"false\" aria-labelledby=\"label_ff_4_dropdown_5\"><option value=\"\">- Quelle est la capacit\u00e9 de l'Atomiseur ? -<\/option><option value=\"100 L\"  >100 L<\/option><option value=\"200 L\"  >200 L<\/option><option value=\"300 L\"  >300 L<\/option><option value=\"400 L\"  >400 L<\/option><option value=\"Autre\"  >Autre<\/option><\/select><\/div><\/div><div class='ff-el-group'><div class='ff-el-input--content'><input type=\"text\" name=\"input_text\" class=\"ff-el-form-control\" placeholder=\"Votre ville\" data-name=\"input_text\" id=\"ff_4_input_text\"  aria-invalid=\"false\" aria-required=false><\/div><\/div><div class='ff-el-group'><div class='ff-el-input--content'><textarea aria-required=\"false\" aria-labelledby=\"label_ff_4_description\" name=\"description\" id=\"ff_4_description\" class=\"ff-el-form-control\" placeholder=\"Avez-vous un besoin sp\u00e9cifique ?\" rows=\"3\" cols=\"2\" data-name=\"description\" ><\/textarea><\/div><\/div><div class='ff-el-group ff-text-left ff_submit_btn_wrapper ff_submit_btn_wrapper_custom'><button class=\"ff-btn ff-btn-submit ff-btn-md ff_btn_style wpf_has_custom_css\" type=\"submit\" name=\"custom_submit_button-4_1\" data-name=\"custom_submit_button-4_1\"  aria-label=\"Envoyer\">Envoyer<\/button><style>form.fluent_form_4 .wpf_has_custom_css.ff-btn-submit { background-color:#1a7efb;border-color:#1a7efb;color:#ffffff;min-width:100%; }form.fluent_form_4 .wpf_has_custom_css.ff-btn-submit:hover { background-color:#ffffff;border-color:#1a7efb;color:#1a7efb;min-width:100%; } <\/style><\/div><\/fieldset><\/form><div id='fluentform_4_errors' class='ff-errors-in-stack ff_form_instance_4_1 ff-form-loading_errors ff_form_instance_4_1_errors'><\/div><\/div>            <script type=\"text\/javascript\">\n                window.fluent_form_ff_form_instance_4_1 = {\"id\":\"4\",\"ajaxUrl\":\"https:\\\/\\\/cpgsolaire.com\\\/wp-admin\\\/admin-ajax.php\",\"settings\":{\"layout\":{\"labelPlacement\":\"top\",\"helpMessagePlacement\":\"with_label\",\"errorMessagePlacement\":\"inline\",\"cssClassName\":\"\",\"asteriskPlacement\":\"asterisk-right\"},\"restrictions\":{\"denyEmptySubmission\":{\"enabled\":false}}},\"form_instance\":\"ff_form_instance_4_1\",\"form_id_selector\":\"fluentform_4\",\"rules\":{\"names[first_name]\":{\"required\":{\"value\":false,\"message\":\"Ce champ est obligatoire\",\"global_message\":\"Ce champ est obligatoire\",\"global\":true}},\"names[middle_name]\":{\"required\":{\"value\":false,\"message\":\"Ce champ est obligatoire\",\"global_message\":\"Ce champ est obligatoire\",\"global\":true}},\"names[last_name]\":{\"required\":{\"value\":false,\"message\":\"Ce champ est obligatoire\",\"global_message\":\"Ce champ est obligatoire\",\"global\":true}},\"names_1[first_name]\":{\"required\":{\"value\":false,\"message\":\"Ce champ est obligatoire\",\"global_message\":\"Ce champ est obligatoire\",\"global\":true}},\"names_1[middle_name]\":{\"required\":{\"value\":false,\"message\":\"Ce champ est obligatoire\",\"global_message\":\"Ce champ est obligatoire\",\"global\":true}},\"names_1[last_name]\":{\"required\":{\"value\":false,\"message\":\"Ce champ est obligatoire\",\"global_message\":\"Ce champ est obligatoire\",\"global\":true}},\"dropdown\":{\"required\":{\"value\":false,\"message\":\"Ce champ est obligatoire\",\"global_message\":\"Ce champ est obligatoire\",\"global\":true}},\"dropdown_1\":{\"required\":{\"value\":false,\"message\":\"Ce champ est obligatoire\",\"global_message\":\"Ce champ est obligatoire\",\"global\":true}},\"dropdown_2\":{\"required\":{\"value\":false,\"message\":\"Ce champ est obligatoire\",\"global_message\":\"Ce champ est obligatoire\",\"global\":true}},\"dropdown_3\":{\"required\":{\"value\":false,\"message\":\"Ce champ est obligatoire\",\"global_message\":\"Ce champ est obligatoire\",\"global\":true}},\"dropdown_4\":{\"required\":{\"value\":false,\"message\":\"Ce champ est obligatoire\",\"global_message\":\"Ce champ est obligatoire\",\"global\":true}},\"dropdown_5\":{\"required\":{\"value\":false,\"message\":\"Ce champ est obligatoire\",\"global_message\":\"Ce champ est obligatoire\",\"global\":true}},\"input_text\":{\"required\":{\"value\":false,\"message\":\"Ce champ est obligatoire\",\"global_message\":\"Ce champ est obligatoire\",\"global\":true}},\"description\":{\"required\":{\"value\":false,\"message\":\"Ce champ est obligatoire\",\"global_message\":\"Ce champ est obligatoire\",\"global\":true}}},\"debounce_time\":300,\"conditionals\":{\"dropdown_1\":{\"type\":\"any\",\"status\":true,\"conditions\":[{\"field\":\"dropdown\",\"value\":\"Pompe multi-usage\",\"operator\":\"=\"}]},\"dropdown_2\":{\"type\":\"any\",\"status\":true,\"conditions\":[{\"field\":\"dropdown\",\"value\":\"Panneau solaire\",\"operator\":\"=\"}]},\"dropdown_3\":{\"type\":\"any\",\"status\":true,\"conditions\":[{\"field\":\"dropdown\",\"value\":\"Onduleur et batterie\",\"operator\":\"=\"}]},\"dropdown_4\":{\"type\":\"any\",\"status\":true,\"conditions\":[{\"field\":\"dropdown\",\"value\":\"Chauffe-eau solaire\",\"operator\":\"=\"}]},\"dropdown_5\":{\"type\":\"any\",\"status\":true,\"conditions\":[{\"field\":\"dropdown\",\"value\":\"Mat\\u00e9riel agricole\",\"operator\":\"=\"}]}}};\n                            <\/script>\n                        <\/div>\n\n            \t\t\t\t<\/div>\n\t\t\t\t<\/div>\n\t\t\t\t\t<\/div>\n\t\t<\/div>\n\t\t\t\t\t<\/div>\n\t\t<\/section>\n\t\t\t\t\t<\/div>\n\t\t<\/div>\n\t\t\t\t\t<\/div>\n\t\t<\/section>\n\t\t\t\t<\/div>\n\t\t","protected":false},"excerpt":{"rendered":"<p>DEMANDE DE COTATION DEMANDE DE DEVIS EN LIGNE Demander un Devis TYPE DE PRODUIT OU MAT\u00c9RIEL&#8211; Quel Type de produit voulez-vous ? [&hellip;]<\/p>\n","protected":false},"author":1,"featured_media":0,"parent":0,"menu_order":0,"comment_status":"closed","ping_status":"closed","template":"","meta":{"footnotes":""},"class_list":["post-740","page","type-page","status-publish","hentry"],"yoast_head":"<!-- This site is optimized with the Yoast SEO plugin v27.4 - https:\/\/yoast.com\/product\/yoast-seo-wordpress\/ -->\n<title>Devis Mat\u00e9riels Agricoles - Devis Produits Agricoles - CPG AGRICOLE<\/title>\n<meta name=\"description\" content=\"CPG AGRICOLE - Fournisseur Marocain des Produits et Mat\u00e9riels Agrcioles. Pompes Agricoles, Syst\u00e8me d&#039;arosage , Panneaux solaires, Onduleurs\" \/>\n<meta name=\"robots\" content=\"index, follow, max-snippet:-1, max-image-preview:large, max-video-preview:-1\" \/>\n<link rel=\"canonical\" href=\"https:\/\/cpgsolaire.com\/ar\/demander-un-devis\/\" \/>\n<meta property=\"og:locale\" content=\"ar_AR\" \/>\n<meta property=\"og:type\" content=\"article\" \/>\n<meta property=\"og:title\" content=\"Devis Mat\u00e9riels Agricoles - Devis Produits Agricoles - CPG AGRICOLE\" \/>\n<meta property=\"og:description\" content=\"CPG AGRICOLE - Fournisseur Marocain des Produits et Mat\u00e9riels Agrcioles. Pompes Agricoles, Syst\u00e8me d&#039;arosage , Panneaux solaires, Onduleurs\" \/>\n<meta property=\"og:url\" content=\"https:\/\/cpgsolaire.com\/ar\/demander-un-devis\/\" \/>\n<meta property=\"og:site_name\" content=\"CPG AGRICOLE\" \/>\n<meta property=\"article:publisher\" content=\"https:\/\/web.facebook.com\/profile.php?id=61554594150716\" \/>\n<meta property=\"article:modified_time\" content=\"2024-05-22T15:14:20+00:00\" \/>\n<meta name=\"twitter:card\" content=\"summary_large_image\" \/>\n<meta name=\"twitter:label1\" content=\"Est. reading time\" \/>\n\t<meta name=\"twitter:data1\" content=\"1 minute\" \/>\n<script type=\"application\/ld+json\" class=\"yoast-schema-graph\">{\"@context\":\"https:\\\/\\\/schema.org\",\"@graph\":[{\"@type\":\"WebPage\",\"@id\":\"https:\\\/\\\/cpgsolaire.com\\\/demander-un-devis\\\/\",\"url\":\"https:\\\/\\\/cpgsolaire.com\\\/demander-un-devis\\\/\",\"name\":\"Devis Mat\u00e9riels Agricoles - Devis Produits Agricoles - CPG AGRICOLE\",\"isPartOf\":{\"@id\":\"https:\\\/\\\/cpgsolaire.com\\\/#website\"},\"datePublished\":\"2024-02-28T13:58:32+00:00\",\"dateModified\":\"2024-05-22T15:14:20+00:00\",\"description\":\"CPG AGRICOLE - Fournisseur Marocain des Produits et Mat\u00e9riels Agrcioles. Pompes Agricoles, Syst\u00e8me d'arosage , Panneaux solaires, Onduleurs\",\"breadcrumb\":{\"@id\":\"https:\\\/\\\/cpgsolaire.com\\\/demander-un-devis\\\/#breadcrumb\"},\"inLanguage\":\"ary\",\"potentialAction\":[{\"@type\":\"ReadAction\",\"target\":[\"https:\\\/\\\/cpgsolaire.com\\\/demander-un-devis\\\/\"]}]},{\"@type\":\"BreadcrumbList\",\"@id\":\"https:\\\/\\\/cpgsolaire.com\\\/demander-un-devis\\\/#breadcrumb\",\"itemListElement\":[{\"@type\":\"ListItem\",\"position\":1,\"name\":\"Home\",\"item\":\"https:\\\/\\\/cpgsolaire.com\\\/\"},{\"@type\":\"ListItem\",\"position\":2,\"name\":\"Demander un Devis\"}]},{\"@type\":\"WebSite\",\"@id\":\"https:\\\/\\\/cpgsolaire.com\\\/#website\",\"url\":\"https:\\\/\\\/cpgsolaire.com\\\/\",\"name\":\"HB TRANS\",\"description\":\"VENTE DU MAT\u00c9RIELS ET PRODUITS AGRICOLES\",\"publisher\":{\"@id\":\"https:\\\/\\\/cpgsolaire.com\\\/#organization\"},\"potentialAction\":[{\"@type\":\"SearchAction\",\"target\":{\"@type\":\"EntryPoint\",\"urlTemplate\":\"https:\\\/\\\/cpgsolaire.com\\\/?s={search_term_string}\"},\"query-input\":{\"@type\":\"PropertyValueSpecification\",\"valueRequired\":true,\"valueName\":\"search_term_string\"}}],\"inLanguage\":\"ary\"},{\"@type\":\"Organization\",\"@id\":\"https:\\\/\\\/cpgsolaire.com\\\/#organization\",\"name\":\"HB TRANS\",\"url\":\"https:\\\/\\\/cpgsolaire.com\\\/\",\"logo\":{\"@type\":\"ImageObject\",\"inLanguage\":\"ary\",\"@id\":\"https:\\\/\\\/cpgsolaire.com\\\/#\\\/schema\\\/logo\\\/image\\\/\",\"url\":\"https:\\\/\\\/cpgsolaire.com\\\/wp-content\\\/uploads\\\/2024\\\/02\\\/hbtrans_logo-removebg-preview.png\",\"contentUrl\":\"https:\\\/\\\/cpgsolaire.com\\\/wp-content\\\/uploads\\\/2024\\\/02\\\/hbtrans_logo-removebg-preview.png\",\"width\":775,\"height\":270,\"caption\":\"HB TRANS\"},\"image\":{\"@id\":\"https:\\\/\\\/cpgsolaire.com\\\/#\\\/schema\\\/logo\\\/image\\\/\"},\"sameAs\":[\"https:\\\/\\\/web.facebook.com\\\/profile.php?id=61554594150716\",\"https:\\\/\\\/www.linkedin.com\\\/company\\\/102638300\\\/admin\\\/feed\\\/posts\\\/?feedType=following\"]}]}<\/script>\n<!-- \/ Yoast SEO plugin. -->","yoast_head_json":{"title":"Devis Mat\u00e9riels Agricoles - Devis Produits Agricoles - CPG AGRICOLE","description":"CPG AGRICOLE - Fournisseur Marocain des Produits et Mat\u00e9riels Agrcioles. Pompes Agricoles, Syst\u00e8me d'arosage , Panneaux solaires, Onduleurs","robots":{"index":"index","follow":"follow","max-snippet":"max-snippet:-1","max-image-preview":"max-image-preview:large","max-video-preview":"max-video-preview:-1"},"canonical":"https:\/\/cpgsolaire.com\/ar\/demander-un-devis\/","og_locale":"ar_AR","og_type":"article","og_title":"Devis Mat\u00e9riels Agricoles - Devis Produits Agricoles - CPG AGRICOLE","og_description":"CPG AGRICOLE - Fournisseur Marocain des Produits et Mat\u00e9riels Agrcioles. Pompes Agricoles, Syst\u00e8me d'arosage , Panneaux solaires, Onduleurs","og_url":"https:\/\/cpgsolaire.com\/ar\/demander-un-devis\/","og_site_name":"CPG AGRICOLE","article_publisher":"https:\/\/web.facebook.com\/profile.php?id=61554594150716","article_modified_time":"2024-05-22T15:14:20+00:00","twitter_card":"summary_large_image","twitter_misc":{"Est. reading time":"1 minute"},"schema":{"@context":"https:\/\/schema.org","@graph":[{"@type":"WebPage","@id":"https:\/\/cpgsolaire.com\/demander-un-devis\/","url":"https:\/\/cpgsolaire.com\/demander-un-devis\/","name":"Devis Mat\u00e9riels Agricoles - Devis Produits Agricoles - CPG AGRICOLE","isPartOf":{"@id":"https:\/\/cpgsolaire.com\/#website"},"datePublished":"2024-02-28T13:58:32+00:00","dateModified":"2024-05-22T15:14:20+00:00","description":"CPG AGRICOLE - Fournisseur Marocain des Produits et Mat\u00e9riels Agrcioles. Pompes Agricoles, Syst\u00e8me d'arosage , Panneaux solaires, Onduleurs","breadcrumb":{"@id":"https:\/\/cpgsolaire.com\/demander-un-devis\/#breadcrumb"},"inLanguage":"ary","potentialAction":[{"@type":"ReadAction","target":["https:\/\/cpgsolaire.com\/demander-un-devis\/"]}]},{"@type":"BreadcrumbList","@id":"https:\/\/cpgsolaire.com\/demander-un-devis\/#breadcrumb","itemListElement":[{"@type":"ListItem","position":1,"name":"Home","item":"https:\/\/cpgsolaire.com\/"},{"@type":"ListItem","position":2,"name":"Demander un Devis"}]},{"@type":"WebSite","@id":"https:\/\/cpgsolaire.com\/#website","url":"https:\/\/cpgsolaire.com\/","name":"HB TRANS","description":"VENTE DU MAT\u00c9RIELS ET PRODUITS AGRICOLES","publisher":{"@id":"https:\/\/cpgsolaire.com\/#organization"},"potentialAction":[{"@type":"SearchAction","target":{"@type":"EntryPoint","urlTemplate":"https:\/\/cpgsolaire.com\/?s={search_term_string}"},"query-input":{"@type":"PropertyValueSpecification","valueRequired":true,"valueName":"search_term_string"}}],"inLanguage":"ary"},{"@type":"Organization","@id":"https:\/\/cpgsolaire.com\/#organization","name":"HB TRANS","url":"https:\/\/cpgsolaire.com\/","logo":{"@type":"ImageObject","inLanguage":"ary","@id":"https:\/\/cpgsolaire.com\/#\/schema\/logo\/image\/","url":"https:\/\/cpgsolaire.com\/wp-content\/uploads\/2024\/02\/hbtrans_logo-removebg-preview.png","contentUrl":"https:\/\/cpgsolaire.com\/wp-content\/uploads\/2024\/02\/hbtrans_logo-removebg-preview.png","width":775,"height":270,"caption":"HB TRANS"},"image":{"@id":"https:\/\/cpgsolaire.com\/#\/schema\/logo\/image\/"},"sameAs":["https:\/\/web.facebook.com\/profile.php?id=61554594150716","https:\/\/www.linkedin.com\/company\/102638300\/admin\/feed\/posts\/?feedType=following"]}]}},"_links":{"self":[{"href":"https:\/\/cpgsolaire.com\/ar\/wp-json\/wp\/v2\/pages\/740","targetHints":{"allow":["GET"]}}],"collection":[{"href":"https:\/\/cpgsolaire.com\/ar\/wp-json\/wp\/v2\/pages"}],"about":[{"href":"https:\/\/cpgsolaire.com\/ar\/wp-json\/wp\/v2\/types\/page"}],"author":[{"embeddable":true,"href":"https:\/\/cpgsolaire.com\/ar\/wp-json\/wp\/v2\/users\/1"}],"replies":[{"embeddable":true,"href":"https:\/\/cpgsolaire.com\/ar\/wp-json\/wp\/v2\/comments?post=740"}],"version-history":[{"count":28,"href":"https:\/\/cpgsolaire.com\/ar\/wp-json\/wp\/v2\/pages\/740\/revisions"}],"predecessor-version":[{"id":1602,"href":"https:\/\/cpgsolaire.com\/ar\/wp-json\/wp\/v2\/pages\/740\/revisions\/1602"}],"wp:attachment":[{"href":"https:\/\/cpgsolaire.com\/ar\/wp-json\/wp\/v2\/media?parent=740"}],"curies":[{"name":"wp","href":"https:\/\/api.w.org\/{rel}","templated":true}]}}